{"id":37,"date":"2015-04-17T18:08:16","date_gmt":"2015-04-17T10:08:16","guid":{"rendered":"http:\/\/203.158.253.18\/?page_id=37"},"modified":"2016-12-17T13:59:45","modified_gmt":"2016-12-17T05:59:45","slug":"%e0%b9%82%e0%b8%84%e0%b8%a3%e0%b8%87%e0%b8%aa%e0%b8%a3%e0%b9%89%e0%b8%b2%e0%b8%87%e0%b8%81%e0%b8%b2%e0%b8%a3%e0%b8%9a%e0%b8%a3%e0%b8%b4%e0%b8%ab%e0%b8%b2%e0%b8%a3%e0%b8%87%e0%b8%b2%e0%b8%99","status":"publish","type":"page","link":"https:\/\/grad.rmutt.ac.th\/EN\/%e0%b9%82%e0%b8%84%e0%b8%a3%e0%b8%87%e0%b8%aa%e0%b8%a3%e0%b9%89%e0%b8%b2%e0%b8%87%e0%b8%81%e0%b8%b2%e0%b8%a3%e0%b8%9a%e0%b8%a3%e0%b8%b4%e0%b8%ab%e0%b8%b2%e0%b8%a3%e0%b8%87%e0%b8%b2%e0%b8%99\/","title":{"rendered":"\u0e42\u0e04\u0e23\u0e07\u0e2a\u0e23\u0e49\u0e32\u0e07\u0e01\u0e32\u0e23\u0e1a\u0e23\u0e34\u0e2b\u0e32\u0e23\u0e07\u0e32\u0e19"},"content":{"rendered":"<p><a href=\"http:\/\/www.grad.rmutt.ac.th\/wp-content\/uploads\/2015\/11\/20150417-flow-03-.jpg\"><img loading=\"lazy\" class=\"aligncenter size-full wp-image-2730\" src=\"http:\/\/www.grad.rmutt.ac.th\/wp-content\/uploads\/2015\/11\/20150417-flow-03-.jpg\" alt=\"\u00e2\u00a4\u00c3\u00a7\u00ca\u00c3\u00e9\u00d2\u00a7\u00ca\u00d3\u00b9\u00d1\u00a1\" width=\"821\" height=\"867\" \/><\/a><\/p>\n","protected":false},"excerpt":{"rendered":"","protected":false},"author":2,"featured_media":0,"parent":0,"menu_order":0,"comment_status":"open","ping_status":"open","template":"","meta":[],"_links":{"self":[{"href":"https:\/\/grad.rmutt.ac.th\/EN\/wp-json\/wp\/v2\/pages\/37"}],"collection":[{"href":"https:\/\/grad.rmutt.ac.th\/EN\/wp-json\/wp\/v2\/pages"}],"about":[{"href":"https:\/\/grad.rmutt.ac.th\/EN\/wp-json\/wp\/v2\/types\/page"}],"author":[{"embeddable":true,"href":"https:\/\/grad.rmutt.ac.th\/EN\/wp-json\/wp\/v2\/users\/2"}],"replies":[{"embeddable":true,"href":"https:\/\/grad.rmutt.ac.th\/EN\/wp-json\/wp\/v2\/comments?post=37"}],"version-history":[{"count":7,"href":"https:\/\/grad.rmutt.ac.th\/EN\/wp-json\/wp\/v2\/pages\/37\/revisions"}],"predecessor-version":[{"id":4124,"href":"https:\/\/grad.rmutt.ac.th\/EN\/wp-json\/wp\/v2\/pages\/37\/revisions\/4124"}],"wp:attachment":[{"href":"https:\/\/grad.rmutt.ac.th\/EN\/wp-json\/wp\/v2\/media?parent=37"}],"curies":[{"name":"wp","href":"https:\/\/api.w.org\/{rel}","templated":true}]}}